{"id":1469,"date":"2022-12-29T09:18:30","date_gmt":"2022-12-29T12:18:30","guid":{"rendered":"http:\/\/centrosocialbertoni.org\/site\/?page_id=1469"},"modified":"2025-06-09T09:41:31","modified_gmt":"2025-06-09T12:41:31","slug":"balancos","status":"publish","type":"page","link":"https:\/\/centrosocialbertoni.org\/site\/index.php\/balancos\/","title":{"rendered":"Balan\u00e7os e Demonstra\u00e7\u00f5es Cont\u00e1beis"},"content":{"rendered":"\n<div class=\"wp-block-file\"><a id=\"wp-block-file--media-b9662e96-7f41-4d95-8c9a-3faaebe6c298\" href=\"http:\/\/centrosocialbertoni.org\/site\/wp-content\/uploads\/2024\/07\/Ata-Eleicao-2024-2025-Registrada.pdf\">Ata-Eleicao-2024-2025-Registrada<\/a><a href=\"http:\/\/centrosocialbertoni.org\/site\/wp-content\/uploads\/2024\/07\/Ata-Eleicao-2024-2025-Registrada.pdf\" class=\"wp-block-file__button wp-element-button\" download aria-describedby=\"wp-block-file--media-b9662e96-7f41-4d95-8c9a-3faaebe6c298\">Baixar<\/a><\/div>\n\n\n\n<div class=\"wp-block-file\"><a id=\"wp-block-file--media-e92a0e78-b683-4fc7-97c6-ca8c6a41ca2c\" href=\"http:\/\/centrosocialbertoni.org\/site\/wp-content\/uploads\/2025\/06\/Declaracao_de_Perfeita_Contabilizacao_2024_assinado_assinado.pdf\">Declaracao_de_Perfeita_Contabilizacao_2024_assinado_assinado<\/a><a href=\"http:\/\/centrosocialbertoni.org\/site\/wp-content\/uploads\/2025\/06\/Declaracao_de_Perfeita_Contabilizacao_2024_assinado_assinado.pdf\" class=\"wp-block-file__button wp-element-button\" download aria-describedby=\"wp-block-file--media-e92a0e78-b683-4fc7-97c6-ca8c6a41ca2c\">Baixar<\/a><\/div>\n\n\n\n<div class=\"wp-block-file\"><a id=\"wp-block-file--media-b419dd48-588b-4a4c-8fd3-3771c9bb1305\" href=\"http:\/\/centrosocialbertoni.org\/site\/wp-content\/uploads\/2025\/06\/DRE_-_Demonstracoes_Contabeis_31_12_2024_assinado_assinado-1.pdf\">DRE_-_Demonstracoes_Contabeis_31_12_2024_assinado_assinado-1<\/a><a href=\"http:\/\/centrosocialbertoni.org\/site\/wp-content\/uploads\/2025\/06\/DRE_-_Demonstracoes_Contabeis_31_12_2024_assinado_assinado-1.pdf\" class=\"wp-block-file__button wp-element-button\" download aria-describedby=\"wp-block-file--media-b419dd48-588b-4a4c-8fd3-3771c9bb1305\">Baixar<\/a><\/div>\n\n\n\n<div class=\"wp-block-file\"><a id=\"wp-block-file--media-acc16abb-6028-43e4-b8d1-25a695aaf5d0\" href=\"http:\/\/centrosocialbertoni.org\/site\/wp-content\/uploads\/2025\/06\/Fluxo_de_Caixa_31_12_2024_assinado_assinado.pdf\">Fluxo_de_Caixa_31_12_2024_assinado_assinado<\/a><a href=\"http:\/\/centrosocialbertoni.org\/site\/wp-content\/uploads\/2025\/06\/Fluxo_de_Caixa_31_12_2024_assinado_assinado.pdf\" class=\"wp-block-file__button wp-element-button\" download aria-describedby=\"wp-block-file--media-acc16abb-6028-43e4-b8d1-25a695aaf5d0\">Baixar<\/a><\/div>\n\n\n\n<div class=\"wp-block-file\"><a id=\"wp-block-file--media-9dc205bb-081a-4412-9901-ca65545b7401\" href=\"http:\/\/centrosocialbertoni.org\/site\/wp-content\/uploads\/2025\/06\/Notas_Explicativas_2024_assinado_assinado.pdf\">Notas_Explicativas_2024_assinado_assinado<\/a><a href=\"http:\/\/centrosocialbertoni.org\/site\/wp-content\/uploads\/2025\/06\/Notas_Explicativas_2024_assinado_assinado.pdf\" class=\"wp-block-file__button wp-element-button\" download aria-describedby=\"wp-block-file--media-9dc205bb-081a-4412-9901-ca65545b7401\">Baixar<\/a><\/div>\n\n\n\n<div class=\"wp-block-file\"><a id=\"wp-block-file--media-64d1d785-2c75-4c15-af4b-0df615460c65\" href=\"http:\/\/centrosocialbertoni.org\/site\/wp-content\/uploads\/2025\/06\/DMPL_-_Demonstracao_Mutacao_do_Patrimonio_Liquido_31_12_2024_assinado_assinado.pdf\">DMPL_-_Demonstracao_Mutacao_do_Patrimonio_Liquido_31_12_2024_assinado_assinado<\/a><a href=\"http:\/\/centrosocialbertoni.org\/site\/wp-content\/uploads\/2025\/06\/DMPL_-_Demonstracao_Mutacao_do_Patrimonio_Liquido_31_12_2024_assinado_assinado.pdf\" class=\"wp-block-file__button wp-element-button\" download aria-describedby=\"wp-block-file--media-64d1d785-2c75-4c15-af4b-0df615460c65\">Baixar<\/a><\/div>\n\n\n\n<div class=\"wp-block-file\"><a id=\"wp-block-file--media-c632cce5-1903-4a47-bb58-166a6c07dda0\" href=\"http:\/\/centrosocialbertoni.org\/site\/wp-content\/uploads\/2025\/06\/Balancete_de_Verificacao_encerrado_31_12_2024_assinado_assinado.pdf\">Balancete_de_Verificacao_encerrado_31_12_2024_assinado_assinado<\/a><a href=\"http:\/\/centrosocialbertoni.org\/site\/wp-content\/uploads\/2025\/06\/Balancete_de_Verificacao_encerrado_31_12_2024_assinado_assinado.pdf\" class=\"wp-block-file__button wp-element-button\" download aria-describedby=\"wp-block-file--media-c632cce5-1903-4a47-bb58-166a6c07dda0\">Baixar<\/a><\/div>\n\n\n\n<div class=\"wp-block-group is-nowrap is-layout-flex wp-container-core-group-is-layout-1 wp-block-group-is-layout-flex\">\n<div class=\"wp-block-file\"><a id=\"wp-block-file--media-1899bd43-e24c-49dd-8513-b210372644aa\" href=\"http:\/\/centrosocialbertoni.org\/site\/wp-content\/uploads\/2025\/06\/Balancete_de_Verificacao_aberto_31_12_2024_assinado_assinado.pdf\">Balancete_de_Verificacao_aberto_31_12_2024_assinado_assinado<\/a><a href=\"http:\/\/centrosocialbertoni.org\/site\/wp-content\/uploads\/2025\/06\/Balancete_de_Verificacao_aberto_31_12_2024_assinado_assinado.pdf\" class=\"wp-block-file__button wp-element-button\" download aria-describedby=\"wp-block-file--media-1899bd43-e24c-49dd-8513-b210372644aa\">Baixar<\/a><\/div>\n<\/div>\n\n\n\n<div class=\"wp-block-file\"><a id=\"wp-block-file--media-8d7c75d8-bdb6-4b67-bc20-4bb53d48e82b\" href=\"http:\/\/centrosocialbertoni.org\/site\/wp-content\/uploads\/2025\/06\/Balanco_Patrimonial_31_12_2024_assinado_assinado.pdf\">Balanco_Patrimonial_31_12_2024_assinado_assinado<\/a><a href=\"http:\/\/centrosocialbertoni.org\/site\/wp-content\/uploads\/2025\/06\/Balanco_Patrimonial_31_12_2024_assinado_assinado.pdf\" class=\"wp-block-file__button wp-element-button\" download aria-describedby=\"wp-block-file--media-8d7c75d8-bdb6-4b67-bc20-4bb53d48e82b\">Baixar<\/a><\/div>\n\n\n\n<div class=\"wp-block-file\"><a id=\"wp-block-file--media-93993e44-a1ba-491a-bd2a-a88e8c14cdb9\" href=\"http:\/\/centrosocialbertoni.org\/site\/wp-content\/uploads\/2024\/06\/Balanco_Patrimonial_31_12_2023_assinado_assinado.pdf\">Balanco_Patrimonial_31_12_2023_assinado_assinado<\/a><a href=\"http:\/\/centrosocialbertoni.org\/site\/wp-content\/uploads\/2024\/06\/Balanco_Patrimonial_31_12_2023_assinado_assinado.pdf\" class=\"wp-block-file__button wp-element-button\" download aria-describedby=\"wp-block-file--media-93993e44-a1ba-491a-bd2a-a88e8c14cdb9\">Download<\/a><\/div>\n\n\n\n<div class=\"wp-block-file\"><a id=\"wp-block-file--media-93993e44-a1ba-491a-bd2a-a88e8c14cdb9\" href=\"http:\/\/centrosocialbertoni.org\/site\/wp-content\/uploads\/2024\/06\/Fluxo_de_Caixa_31_12_2023_assinado_assinado.pdf\">Fluxo_de_Caixa_31_12_2023_assinado_assinado<\/a><a href=\"http:\/\/centrosocialbertoni.org\/site\/wp-content\/uploads\/2024\/06\/Fluxo_de_Caixa_31_12_2023_assinado_assinado.pdf\" class=\"wp-block-file__button wp-element-button\" download aria-describedby=\"wp-block-file--media-93993e44-a1ba-491a-bd2a-a88e8c14cdb9\">Download<\/a><\/div>\n\n\n\n<div class=\"wp-block-file\"><a id=\"wp-block-file--media-93993e44-a1ba-491a-bd2a-a88e8c14cdb9\" href=\"http:\/\/centrosocialbertoni.org\/site\/wp-content\/uploads\/2024\/06\/Notas_Explicativas_2023_assinado_assinado.pdf\">Notas_Explicativas_2023_assinado_assinado<\/a><a href=\"http:\/\/centrosocialbertoni.org\/site\/wp-content\/uploads\/2024\/06\/Notas_Explicativas_2023_assinado_assinado.pdf\" class=\"wp-block-file__button wp-element-button\" download aria-describedby=\"wp-block-file--media-93993e44-a1ba-491a-bd2a-a88e8c14cdb9\">Download<\/a><\/div>\n\n\n\n<div class=\"wp-block-file\"><a id=\"wp-block-file--media-93993e44-a1ba-491a-bd2a-a88e8c14cdb9\" href=\"http:\/\/centrosocialbertoni.org\/site\/wp-content\/uploads\/2024\/06\/Declaracao_de_Perfeita_Contabilizacao_2023_assinado_assinado.pdf\">Declaracao_de_Perfeita_Contabilizacao_2023_assinado_assinado<\/a><a href=\"http:\/\/centrosocialbertoni.org\/site\/wp-content\/uploads\/2024\/06\/Declaracao_de_Perfeita_Contabilizacao_2023_assinado_assinado.pdf\" class=\"wp-block-file__button wp-element-button\" download aria-describedby=\"wp-block-file--media-93993e44-a1ba-491a-bd2a-a88e8c14cdb9\">Download<\/a><\/div>\n\n\n\n<div class=\"wp-block-file\"><a id=\"wp-block-file--media-93993e44-a1ba-491a-bd2a-a88e8c14cdb9\" href=\"http:\/\/centrosocialbertoni.org\/site\/wp-content\/uploads\/2024\/06\/DRE_-_Demonstracoes_Contabeis_31_12_2023_assinado_assinado.pdf\">DRE_-_Demonstracoes_Contabeis_31_12_2023_assinado_assinado<\/a><a href=\"http:\/\/centrosocialbertoni.org\/site\/wp-content\/uploads\/2024\/06\/DRE_-_Demonstracoes_Contabeis_31_12_2023_assinado_assinado.pdf\" class=\"wp-block-file__button wp-element-button\" download aria-describedby=\"wp-block-file--media-93993e44-a1ba-491a-bd2a-a88e8c14cdb9\">Download<\/a><\/div>\n\n\n\n<div class=\"wp-block-file\"><a id=\"wp-block-file--media-d947a046-8b95-43ab-898a-55b9d5a0c282\" href=\"http:\/\/centrosocialbertoni.org\/site\/wp-content\/uploads\/2024\/07\/Balancete_de_Verificacao_aberto_31_12_2023.pdf\">Balancete_de_Verificacao_aberto_31_12_2023<\/a><a href=\"http:\/\/centrosocialbertoni.org\/site\/wp-content\/uploads\/2024\/07\/Balancete_de_Verificacao_aberto_31_12_2023.pdf\" class=\"wp-block-file__button wp-element-button\" download aria-describedby=\"wp-block-file--media-d947a046-8b95-43ab-898a-55b9d5a0c282\">Download<\/a><\/div>\n\n\n\n<div class=\"wp-block-file\"><a id=\"wp-block-file--media-f6da057d-dc78-4975-86e2-238d4e53d2d4\" href=\"http:\/\/centrosocialbertoni.org\/site\/wp-content\/uploads\/2024\/07\/Balancete_de_Verificacao_encerrado_31_12_2023.pdf\">Balancete_de_Verificacao_encerrado_31_12_2023<\/a><a href=\"http:\/\/centrosocialbertoni.org\/site\/wp-content\/uploads\/2024\/07\/Balancete_de_Verificacao_encerrado_31_12_2023.pdf\" class=\"wp-block-file__button wp-element-button\" download aria-describedby=\"wp-block-file--media-f6da057d-dc78-4975-86e2-238d4e53d2d4\">Download<\/a><\/div>\n\n\n\n<div class=\"wp-block-columns is-layout-flex wp-container-core-columns-is-layout-1 wp-block-columns-is-layout-flex\">\n<div class=\"wp-block-column is-layout-flow wp-block-column-is-layout-flow\"><\/div>\n<\/div>\n\n\n\n<div class=\"wp-block-file\"><a id=\"wp-block-file--media-a41069d5-8f76-4861-8b8e-7708dc34819e\" href=\"http:\/\/centrosocialbertoni.org\/site\/wp-content\/uploads\/2023\/03\/BALANCO-EXERCICIO-2022.pdf\">BALANCO-EXERCICIO-2022<\/a><a href=\"http:\/\/centrosocialbertoni.org\/site\/wp-content\/uploads\/2023\/03\/BALANCO-EXERCICIO-2022.pdf\" class=\"wp-block-file__button wp-element-button\" download aria-describedby=\"wp-block-file--media-a41069d5-8f76-4861-8b8e-7708dc34819e\">Download<\/a><\/div>\n\n\n\n<div class=\"wp-block-file\"><a id=\"wp-block-file--media-20b25e50-6645-48a3-88e3-19083f1139da\" href=\"http:\/\/centrosocialbertoni.org\/site\/wp-content\/uploads\/2024\/06\/BALANCO-PATRIMONIAL-EXERCICIO-2021.pdf\">BALANCO-PATRIMONIAL-EXERCICIO-2021<\/a><a href=\"http:\/\/centrosocialbertoni.org\/site\/wp-content\/uploads\/2024\/06\/BALANCO-PATRIMONIAL-EXERCICIO-2021.pdf\" class=\"wp-block-file__button wp-element-button\" download aria-describedby=\"wp-block-file--media-20b25e50-6645-48a3-88e3-19083f1139da\">Download<\/a><\/div>\n\n\n\n<p><\/p>\n","protected":false},"excerpt":{"rendered":"","protected":false},"author":1,"featured_media":0,"parent":0,"menu_order":0,"comment_status":"closed","ping_status":"closed","template":"template-fullwidth.php","meta":{"footnotes":""},"class_list":["post-1469","page","type-page","status-publish","hentry"],"_links":{"self":[{"href":"https:\/\/centrosocialbertoni.org\/site\/index.php\/wp-json\/wp\/v2\/pages\/1469"}],"collection":[{"href":"https:\/\/centrosocialbertoni.org\/site\/index.php\/wp-json\/wp\/v2\/pages"}],"about":[{"href":"https:\/\/centrosocialbertoni.org\/site\/index.php\/wp-json\/wp\/v2\/types\/page"}],"author":[{"embeddable":true,"href":"https:\/\/centrosocialbertoni.org\/site\/index.php\/wp-json\/wp\/v2\/users\/1"}],"replies":[{"embeddable":true,"href":"https:\/\/centrosocialbertoni.org\/site\/index.php\/wp-json\/wp\/v2\/comments?post=1469"}],"version-history":[{"count":30,"href":"https:\/\/centrosocialbertoni.org\/site\/index.php\/wp-json\/wp\/v2\/pages\/1469\/revisions"}],"predecessor-version":[{"id":1606,"href":"https:\/\/centrosocialbertoni.org\/site\/index.php\/wp-json\/wp\/v2\/pages\/1469\/revisions\/1606"}],"wp:attachment":[{"href":"https:\/\/centrosocialbertoni.org\/site\/index.php\/wp-json\/wp\/v2\/media?parent=1469"}],"curies":[{"name":"wp","href":"https:\/\/api.w.org\/{rel}","templated":true}]}}